{"id":1324,"date":"2024-08-28T17:58:29","date_gmt":"2024-08-28T15:58:29","guid":{"rendered":"https:\/\/sprintcx.net\/haftungsausschluss\/"},"modified":"2025-05-06T08:20:10","modified_gmt":"2025-05-06T06:20:10","slug":"haftungsausschluss","status":"publish","type":"page","link":"https:\/\/sprintcx.net\/de\/haftungsausschluss\/","title":{"rendered":"Haftungsausschluss"},"content":{"rendered":"\t\t<div data-elementor-type=\"wp-page\" data-elementor-id=\"1324\" class=\"elementor elementor-1324 elementor-804\" data-elementor-post-type=\"page\">\n\t\t\t\t\t\t<section class=\"elementor-section elementor-top-section elementor-element elementor-element-255c68a elementor-section-height-min-height elementor-section-boxed elementor-section-height-default elementor-section-items-middle\" data-id=\"255c68a\" data-element_type=\"section\" data-e-type=\"section\" data-settings=\"{&quot;background_background&quot;:&quot;classic&quot;}\">\n\t\t\t\t\t\t\t<div class=\"elementor-background-overlay\"><\/div>\n\t\t\t\t\t\t\t<div class=\"elementor-container elementor-column-gap-default\">\n\t\t\t\t\t<div class=\"elementor-column elementor-col-100 elementor-top-column elementor-element elementor-element-cb45641\" data-id=\"cb45641\" data-element_type=\"column\" data-e-type=\"column\">\n\t\t\t<div class=\"elementor-widget-wrap elementor-element-populated\">\n\t\t\t\t\t\t<div class=\"elementor-element elementor-element-6c9fe10 no-margin elementor-invisible elementor-widget elementor-widget-heading\" data-id=\"6c9fe10\" data-element_type=\"widget\" data-e-type=\"widget\" data-settings=\"{&quot;_animation&quot;:&quot;fadeInUp&quot;}\" data-widget_type=\"heading.default\">\n\t\t\t\t<div class=\"elementor-widget-container\">\n\t\t\t\t\t<h1 class=\"elementor-heading-title elementor-size-default\">Haftungsausschluss<\/h1>\t\t\t\t<\/div>\n\t\t\t\t<\/div>\n\t\t\t\t<div class=\"elementor-element elementor-element-20479d0 elementor-widget-divider--view-line elementor-invisible elementor-widget elementor-widget-divider\" data-id=\"20479d0\" data-element_type=\"widget\" data-e-type=\"widget\" data-settings=\"{&quot;_animation&quot;:&quot;fadeInUp&quot;,&quot;_animation_delay&quot;:500}\" data-widget_type=\"divider.default\">\n\t\t\t\t<div class=\"elementor-widget-container\">\n\t\t\t\t\t\t\t<div class=\"elementor-divider\">\n\t\t\t<span class=\"elementor-divider-separator\">\n\t\t\t\t\t\t<\/span>\n\t\t<\/div>\n\t\t\t\t\t\t<\/div>\n\t\t\t\t<\/div>\n\t\t\t\t\t<\/div>\n\t\t<\/div>\n\t\t\t\t\t<\/div>\n\t\t<\/section>\n\t\t\t\t<section class=\"elementor-section elementor-top-section elementor-element elementor-element-6d11fb5 elementor-section-content-middle elementor-section-boxed elementor-section-height-default elementor-section-height-default\" data-id=\"6d11fb5\" data-element_type=\"section\" data-e-type=\"section\">\n\t\t\t\t\t\t<div class=\"elementor-container elementor-column-gap-default\">\n\t\t\t\t\t<div class=\"elementor-column elementor-col-100 elementor-top-column elementor-element elementor-element-accdece\" data-id=\"accdece\" data-element_type=\"column\" data-e-type=\"column\">\n\t\t\t<div class=\"elementor-widget-wrap elementor-element-populated\">\n\t\t\t\t\t\t<div class=\"elementor-element elementor-element-da2ded6 elementor-widget elementor-widget-shortcode\" data-id=\"da2ded6\" data-element_type=\"widget\" data-e-type=\"widget\" data-widget_type=\"shortcode.default\">\n\t\t\t\t<div class=\"elementor-widget-container\">\n\t\t\t\t\t\t\t<div class=\"elementor-shortcode\">\n<!-- Legal document generated by Complianz | GDPR\/CCPA Cookie Consent https:\/\/wordpress.org\/plugins\/complianz-gdpr -->\n<div id=\"cmplz-document\" class=\"cmplz-document disclaimer cmplz-document-all\"><p>SprintCX ist dazu verpflichtet, diese Website aktuell und akkurat zu halten. Solltest du dennoch auf irgendetwas sto\u00dfen, das veraltet oder inkorrekt ist, w\u00fcrden wir es sch\u00e4tzen, wenn du es uns wissen l\u00e4sst. Bitte weise darauf hin, wo du auf der Seite die Information gelesen hast. Wir werden uns dann so schnell wie m\u00f6glich darum k\u00fcmmern. Bitte sende deine R\u00fcckmeldung an: <span class=\"cmplz-obfuscate\">&#104;ell&#111;@<span class=\"cmplz-fmail-domain\">ex.c&#111;m<\/span>&#115;pr&#105;&#110;t&#099;x&#046;n&#101;&#116;<\/span>.<\/p><p>Wir \u00fcbernehmen keine Haftung f\u00fcr aus Ungenauigkeit oder Unvollst\u00e4ndigkeit resultierenden Verluste, noch f\u00fcr entstehende Verluste oder Verbreitung von Informationen durch das Internet, wie St\u00f6rungen oder Unterbrechungen. Bei der Verwendung von Internetfomularen streben wir danach die Anzahl der ben\u00f6tigten Felder zu minimieren. F\u00fcr jegliche Verluste die aus der Verwendung von SprintCX empfohlener oder stammender Daten, Hinweisen oder Ideen \u00fcbernimmt SprintCX keine Haftung.<\/p><p>Jegliche pers\u00f6nliche Information welche du uns innerhalb des Kontexts deiner Antwort oder deinem Antrag zur Verf\u00fcgung stellst, wird ausschlie\u00dflich gem\u00e4\u00df unserer Datenschutzerkl\u00e4rung genutzt.<\/p><p>Jegliches intellektuelle Eigentumsrecht an Inhalten auf dieser Website ist im Besitz von SprintCX.<\/p><p>Das Kopieren, Verbreiten oder jegliche andere Nutzung dieses Materials ist ohne die schriftliche Erlaubnis von SprintCX nicht gestattet, sofern in geltendem Gesetz nicht anders vereinbart oder ausgenommen (wie etwa das Recht zu zitieren), solang der spezifische Inhalt nichts anderes vorschreibt.<\/p><p>Wenn du Fragen oder Probleme mit der Verf\u00fcgbarkeit der Website hast, z\u00f6gere nicht uns zu kontaktieren.<\/p><\/div><\/div>\n\t\t\t\t\t\t<\/div>\n\t\t\t\t<\/div>\n\t\t\t\t\t<\/div>\n\t\t<\/div>\n\t\t\t\t\t<\/div>\n\t\t<\/section>\n\t\t\t\t<section class=\"elementor-section elementor-top-section elementor-element elementor-element-d0e44f3 elementor-section-content-middle elementor-section-boxed elementor-section-height-default elementor-section-height-default\" data-id=\"d0e44f3\" data-element_type=\"section\" data-e-type=\"section\" data-settings=\"{&quot;background_background&quot;:&quot;classic&quot;}\">\n\t\t\t\t\t\t<div class=\"elementor-container elementor-column-gap-extended\">\n\t\t\t\t\t<div class=\"elementor-column elementor-col-50 elementor-top-column elementor-element elementor-element-08cd59f\" data-id=\"08cd59f\" data-element_type=\"column\" data-e-type=\"column\">\n\t\t\t<div class=\"elementor-widget-wrap elementor-element-populated\">\n\t\t\t\t\t\t<div class=\"elementor-element elementor-element-23562ff elementor-widget elementor-widget-image\" data-id=\"23562ff\" data-element_type=\"widget\" data-e-type=\"widget\" data-widget_type=\"image.default\">\n\t\t\t\t<div class=\"elementor-widget-container\">\n\t\t\t\t\t\t\t\t\t\t\t\t\t\t\t<img fetchpriority=\"high\" decoding=\"async\" width=\"1024\" height=\"1024\" src=\"https:\/\/sprintcx.net\/wp-content\/uploads\/2024\/02\/owp-creatads-img-002.jpg\" class=\"elementor-animation-shrink attachment-full size-full wp-image-686\" alt=\"\" srcset=\"https:\/\/sprintcx.net\/wp-content\/uploads\/2024\/02\/owp-creatads-img-002.jpg 1024w, https:\/\/sprintcx.net\/wp-content\/uploads\/2024\/02\/owp-creatads-img-002-300x300.jpg 300w, https:\/\/sprintcx.net\/wp-content\/uploads\/2024\/02\/owp-creatads-img-002-150x150.jpg 150w, https:\/\/sprintcx.net\/wp-content\/uploads\/2024\/02\/owp-creatads-img-002-768x768.jpg 768w, https:\/\/sprintcx.net\/wp-content\/uploads\/2024\/02\/owp-creatads-img-002-600x600.jpg 600w\" sizes=\"(max-width: 1024px) 100vw, 1024px\" \/>\t\t\t\t\t\t\t\t\t\t\t\t\t\t\t<\/div>\n\t\t\t\t<\/div>\n\t\t\t\t\t<\/div>\n\t\t<\/div>\n\t\t\t\t<div class=\"elementor-column elementor-col-50 elementor-top-column elementor-element elementor-element-abde130\" data-id=\"abde130\" data-element_type=\"column\" data-e-type=\"column\">\n\t\t\t<div class=\"elementor-widget-wrap elementor-element-populated\">\n\t\t\t\t\t\t<div class=\"elementor-element elementor-element-10d6393 no-margin elementor-widget elementor-widget-heading\" data-id=\"10d6393\" data-element_type=\"widget\" data-e-type=\"widget\" data-widget_type=\"heading.default\">\n\t\t\t\t<div class=\"elementor-widget-container\">\n\t\t\t\t\t<h2 class=\"elementor-heading-title elementor-size-default\">Kontaktieren Sie uns<\/h2>\t\t\t\t<\/div>\n\t\t\t\t<\/div>\n\t\t\t\t<div class=\"elementor-element elementor-element-42206df no-margin elementor-widget-divider--view-line elementor-widget elementor-widget-divider\" data-id=\"42206df\" data-element_type=\"widget\" data-e-type=\"widget\" data-widget_type=\"divider.default\">\n\t\t\t\t<div class=\"elementor-widget-container\">\n\t\t\t\t\t\t\t<div class=\"elementor-divider\">\n\t\t\t<span class=\"elementor-divider-separator\">\n\t\t\t\t\t\t<\/span>\n\t\t<\/div>\n\t\t\t\t\t\t<\/div>\n\t\t\t\t<\/div>\n\t\t\t\t<div class=\"elementor-element elementor-element-db32393 elementor-widget__width-inherit elementor-widget elementor-widget-html\" data-id=\"db32393\" data-element_type=\"widget\" data-e-type=\"widget\" data-widget_type=\"html.default\">\n\t\t\t\t<div class=\"elementor-widget-container\">\n\t\t\t\t\t<div id=\"zf_div_e1WWY6-DAWpO9tYWw7sJfcohnkkgfVFYNMBg5ij1e2s\"><\/div><script type=\"text\/javascript\">(function() {\ntry{\nvar f = document.createElement(\"iframe\");\nf.src =\"https:\/\/forms.zohopublic.eu\/sprintcx\/form\/sprintcxnetContactForm\/formperma\/e1WWY6-DAWpO9tYWw7sJfcohnkkgfVFYNMBg5ij1e2s?zf_rszfm=1\";\nf.style.border=\"none\";\nf.style.height=\"458px\";\nf.style.width=\"100%\";\nf.style.transition=\"all 0.5s ease\";\nf.setAttribute(\"aria-label\", 'sprintcx.net\\x20EN\\x20Contact\\x20Form');\n\nvar d = document.getElementById(\"zf_div_e1WWY6-DAWpO9tYWw7sJfcohnkkgfVFYNMBg5ij1e2s\");\nd.appendChild(f);\nwindow.addEventListener('message', function (){\nvar evntData = event.data;\nif( evntData && evntData.constructor == String ){\nvar zf_ifrm_data = evntData.split(\"|\");\nif ( zf_ifrm_data.length == 2 || zf_ifrm_data.length == 3 ) {\nvar zf_perma = zf_ifrm_data[0];\nvar zf_ifrm_ht_nw = ( parseInt(zf_ifrm_data[1], 10) + 15 ) + \"px\";\nvar iframe = document.getElementById(\"zf_div_e1WWY6-DAWpO9tYWw7sJfcohnkkgfVFYNMBg5ij1e2s\").getElementsByTagName(\"iframe\")[0];\nif ( (iframe.src).indexOf('formperma') > 0 && (iframe.src).indexOf(zf_perma) > 0 ) {\nvar prevIframeHeight = iframe.style.height;\nvar zf_tout = false;\nif( zf_ifrm_data.length == 3 ) {\niframe.scrollIntoView();\nzf_tout = true;\n}\nif ( prevIframeHeight != zf_ifrm_ht_nw ) {\nif( zf_tout ) {\nsetTimeout(function(){\niframe.style.height = zf_ifrm_ht_nw;\n},500);\n} else {\niframe.style.height = zf_ifrm_ht_nw;\n}\n}\n}\n}\n}\n}, false);\n}catch(e){}\n})();<\/script>\t\t\t\t<\/div>\n\t\t\t\t<\/div>\n\t\t\t\t\t<\/div>\n\t\t<\/div>\n\t\t\t\t\t<\/div>\n\t\t<\/section>\n\t\t\t\t<\/div>\n\t\t","protected":false},"excerpt":{"rendered":"<p>Haftungsausschluss Kontaktieren Sie uns<\/p>\n","protected":false},"author":1,"featured_media":0,"parent":0,"menu_order":0,"comment_status":"closed","ping_status":"closed","template":"","meta":{"_acf_changed":false,"ocean_post_layout":"full-screen","ocean_both_sidebars_style":"","ocean_both_sidebars_content_width":0,"ocean_both_sidebars_sidebars_width":0,"ocean_sidebar":"","ocean_second_sidebar":"","ocean_disable_margins":"on","ocean_add_body_class":"","ocean_shortcode_before_top_bar":"","ocean_shortcode_after_top_bar":"","ocean_shortcode_before_header":"","ocean_shortcode_after_header":"","ocean_has_shortcode":"","ocean_shortcode_after_title":"","ocean_shortcode_before_footer_widgets":"","ocean_shortcode_after_footer_widgets":"","ocean_shortcode_before_footer_bottom":"","ocean_shortcode_after_footer_bottom":"","ocean_display_top_bar":"default","ocean_display_header":"default","ocean_header_style":"","ocean_center_header_left_menu":"","ocean_custom_header_template":"","ocean_custom_logo":0,"ocean_custom_retina_logo":0,"ocean_custom_logo_max_width":0,"ocean_custom_logo_tablet_max_width":0,"ocean_custom_logo_mobile_max_width":0,"ocean_custom_logo_max_height":0,"ocean_custom_logo_tablet_max_height":0,"ocean_custom_logo_mobile_max_height":0,"ocean_header_custom_menu":"","ocean_menu_typo_font_family":"","ocean_menu_typo_font_subset":"","ocean_menu_typo_font_size":0,"ocean_menu_typo_font_size_tablet":0,"ocean_menu_typo_font_size_mobile":0,"ocean_menu_typo_font_size_unit":"px","ocean_menu_typo_font_weight":"","ocean_menu_typo_font_weight_tablet":"","ocean_menu_typo_font_weight_mobile":"","ocean_menu_typo_transform":"","ocean_menu_typo_transform_tablet":"","ocean_menu_typo_transform_mobile":"","ocean_menu_typo_line_height":0,"ocean_menu_typo_line_height_tablet":0,"ocean_menu_typo_line_height_mobile":0,"ocean_menu_typo_line_height_unit":"","ocean_menu_typo_spacing":0,"ocean_menu_typo_spacing_tablet":0,"ocean_menu_typo_spacing_mobile":0,"ocean_menu_typo_spacing_unit":"","ocean_menu_link_color":"","ocean_menu_link_color_hover":"","ocean_menu_link_color_active":"","ocean_menu_link_background":"","ocean_menu_link_hover_background":"","ocean_menu_link_active_background":"","ocean_menu_social_links_bg":"","ocean_menu_social_hover_links_bg":"","ocean_menu_social_links_color":"","ocean_menu_social_hover_links_color":"","ocean_disable_title":"on","ocean_disable_heading":"on","ocean_post_title":"","ocean_post_subheading":"","ocean_post_title_style":"","ocean_post_title_background_color":"","ocean_post_title_background":0,"ocean_post_title_bg_image_position":"","ocean_post_title_bg_image_attachment":"","ocean_post_title_bg_image_repeat":"","ocean_post_title_bg_image_size":"","ocean_post_title_height":0,"ocean_post_title_bg_overlay":0.5,"ocean_post_title_bg_overlay_color":"","ocean_disable_breadcrumbs":"off","ocean_breadcrumbs_color":"","ocean_breadcrumbs_separator_color":"","ocean_breadcrumbs_links_color":"","ocean_breadcrumbs_links_hover_color":"","ocean_display_footer_widgets":"default","ocean_display_footer_bottom":"default","ocean_custom_footer_template":"","osh_disable_topbar_sticky":"default","osh_disable_header_sticky":"default","osh_sticky_header_style":"default","osh_sticky_header_effect":"","osh_custom_sticky_logo":0,"osh_custom_retina_sticky_logo":0,"osh_custom_sticky_logo_height":0,"osh_background_color":"","osh_links_color":"","osh_links_hover_color":"","osh_links_active_color":"","osh_links_bg_color":"","osh_links_hover_bg_color":"","osh_links_active_bg_color":"","osh_menu_social_links_color":"","osh_menu_social_hover_links_color":"","footnotes":""},"class_list":["post-1324","page","type-page","status-publish","hentry","entry"],"acf":[],"yoast_head":"<!-- This site is optimized with the Yoast SEO plugin v27.3 - https:\/\/yoast.com\/product\/yoast-seo-wordpress\/ -->\n<title>Haftungsausschluss - SprintCX<\/title>\n<meta name=\"robots\" content=\"noindex, nofollow\" \/>\n<meta property=\"og:locale\" content=\"de_DE\" \/>\n<meta property=\"og:type\" content=\"article\" \/>\n<meta property=\"og:title\" content=\"Haftungsausschluss - SprintCX\" \/>\n<meta property=\"og:description\" content=\"Haftungsausschluss Kontaktieren Sie uns\" \/>\n<meta property=\"og:url\" content=\"https:\/\/sprintcx.net\/de\/haftungsausschluss\/\" \/>\n<meta property=\"og:site_name\" content=\"SprintCX\" \/>\n<meta property=\"article:modified_time\" content=\"2025-05-06T06:20:10+00:00\" \/>\n<meta property=\"og:image\" content=\"https:\/\/sprintcx.net\/wp-content\/uploads\/2024\/02\/owp-creatads-img-002.jpg\" \/>\n<meta name=\"twitter:card\" content=\"summary_large_image\" \/>\n<script type=\"application\/ld+json\" class=\"yoast-schema-graph\">{\"@context\":\"https:\\\/\\\/schema.org\",\"@graph\":[{\"@type\":\"WebPage\",\"@id\":\"https:\\\/\\\/sprintcx.net\\\/de\\\/haftungsausschluss\\\/\",\"url\":\"https:\\\/\\\/sprintcx.net\\\/de\\\/haftungsausschluss\\\/\",\"name\":\"Haftungsausschluss - SprintCX\",\"isPartOf\":{\"@id\":\"https:\\\/\\\/sprintcx.net\\\/de\\\/#website\"},\"primaryImageOfPage\":{\"@id\":\"https:\\\/\\\/sprintcx.net\\\/de\\\/haftungsausschluss\\\/#primaryimage\"},\"image\":{\"@id\":\"https:\\\/\\\/sprintcx.net\\\/de\\\/haftungsausschluss\\\/#primaryimage\"},\"thumbnailUrl\":\"https:\\\/\\\/sprintcx.net\\\/wp-content\\\/uploads\\\/2024\\\/02\\\/owp-creatads-img-002.jpg\",\"datePublished\":\"2024-08-28T15:58:29+00:00\",\"dateModified\":\"2025-05-06T06:20:10+00:00\",\"breadcrumb\":{\"@id\":\"https:\\\/\\\/sprintcx.net\\\/de\\\/haftungsausschluss\\\/#breadcrumb\"},\"inLanguage\":\"de\",\"potentialAction\":[{\"@type\":\"ReadAction\",\"target\":[\"https:\\\/\\\/sprintcx.net\\\/de\\\/haftungsausschluss\\\/\"]}]},{\"@type\":\"ImageObject\",\"inLanguage\":\"de\",\"@id\":\"https:\\\/\\\/sprintcx.net\\\/de\\\/haftungsausschluss\\\/#primaryimage\",\"url\":\"https:\\\/\\\/sprintcx.net\\\/wp-content\\\/uploads\\\/2024\\\/02\\\/owp-creatads-img-002.jpg\",\"contentUrl\":\"https:\\\/\\\/sprintcx.net\\\/wp-content\\\/uploads\\\/2024\\\/02\\\/owp-creatads-img-002.jpg\"},{\"@type\":\"BreadcrumbList\",\"@id\":\"https:\\\/\\\/sprintcx.net\\\/de\\\/haftungsausschluss\\\/#breadcrumb\",\"itemListElement\":[{\"@type\":\"ListItem\",\"position\":1,\"name\":\"Home\",\"item\":\"https:\\\/\\\/sprintcx.net\\\/de\\\/\"},{\"@type\":\"ListItem\",\"position\":2,\"name\":\"Haftungsausschluss\"}]},{\"@type\":\"WebSite\",\"@id\":\"https:\\\/\\\/sprintcx.net\\\/de\\\/#website\",\"url\":\"https:\\\/\\\/sprintcx.net\\\/de\\\/\",\"name\":\"SprintCX\",\"description\":\"\",\"publisher\":{\"@id\":\"https:\\\/\\\/sprintcx.net\\\/de\\\/#organization\"},\"potentialAction\":[{\"@type\":\"SearchAction\",\"target\":{\"@type\":\"EntryPoint\",\"urlTemplate\":\"https:\\\/\\\/sprintcx.net\\\/de\\\/?s={search_term_string}\"},\"query-input\":{\"@type\":\"PropertyValueSpecification\",\"valueRequired\":true,\"valueName\":\"search_term_string\"}}],\"inLanguage\":\"de\"},{\"@type\":\"Organization\",\"@id\":\"https:\\\/\\\/sprintcx.net\\\/de\\\/#organization\",\"name\":\"SprintCX\",\"url\":\"https:\\\/\\\/sprintcx.net\\\/de\\\/\",\"logo\":{\"@type\":\"ImageObject\",\"inLanguage\":\"de\",\"@id\":\"https:\\\/\\\/sprintcx.net\\\/de\\\/#\\\/schema\\\/logo\\\/image\\\/\",\"url\":\"https:\\\/\\\/sprintcx.net\\\/wp-content\\\/uploads\\\/2025\\\/05\\\/cropped-ChatGPT-Image-6.-Mai-2025-09_53_42.png\",\"contentUrl\":\"https:\\\/\\\/sprintcx.net\\\/wp-content\\\/uploads\\\/2025\\\/05\\\/cropped-ChatGPT-Image-6.-Mai-2025-09_53_42.png\",\"width\":846,\"height\":828,\"caption\":\"SprintCX\"},\"image\":{\"@id\":\"https:\\\/\\\/sprintcx.net\\\/de\\\/#\\\/schema\\\/logo\\\/image\\\/\"},\"sameAs\":[\"https:\\\/\\\/www.linkedin.com\\\/in\\\/gregor-sprint\\\/\"]}]}<\/script>\n<!-- \/ Yoast SEO plugin. -->","yoast_head_json":{"title":"Haftungsausschluss - SprintCX","robots":{"index":"noindex","follow":"nofollow"},"og_locale":"de_DE","og_type":"article","og_title":"Haftungsausschluss - SprintCX","og_description":"Haftungsausschluss Kontaktieren Sie uns","og_url":"https:\/\/sprintcx.net\/de\/haftungsausschluss\/","og_site_name":"SprintCX","article_modified_time":"2025-05-06T06:20:10+00:00","og_image":[{"url":"https:\/\/sprintcx.net\/wp-content\/uploads\/2024\/02\/owp-creatads-img-002.jpg","type":"","width":"","height":""}],"twitter_card":"summary_large_image","schema":{"@context":"https:\/\/schema.org","@graph":[{"@type":"WebPage","@id":"https:\/\/sprintcx.net\/de\/haftungsausschluss\/","url":"https:\/\/sprintcx.net\/de\/haftungsausschluss\/","name":"Haftungsausschluss - SprintCX","isPartOf":{"@id":"https:\/\/sprintcx.net\/de\/#website"},"primaryImageOfPage":{"@id":"https:\/\/sprintcx.net\/de\/haftungsausschluss\/#primaryimage"},"image":{"@id":"https:\/\/sprintcx.net\/de\/haftungsausschluss\/#primaryimage"},"thumbnailUrl":"https:\/\/sprintcx.net\/wp-content\/uploads\/2024\/02\/owp-creatads-img-002.jpg","datePublished":"2024-08-28T15:58:29+00:00","dateModified":"2025-05-06T06:20:10+00:00","breadcrumb":{"@id":"https:\/\/sprintcx.net\/de\/haftungsausschluss\/#breadcrumb"},"inLanguage":"de","potentialAction":[{"@type":"ReadAction","target":["https:\/\/sprintcx.net\/de\/haftungsausschluss\/"]}]},{"@type":"ImageObject","inLanguage":"de","@id":"https:\/\/sprintcx.net\/de\/haftungsausschluss\/#primaryimage","url":"https:\/\/sprintcx.net\/wp-content\/uploads\/2024\/02\/owp-creatads-img-002.jpg","contentUrl":"https:\/\/sprintcx.net\/wp-content\/uploads\/2024\/02\/owp-creatads-img-002.jpg"},{"@type":"BreadcrumbList","@id":"https:\/\/sprintcx.net\/de\/haftungsausschluss\/#breadcrumb","itemListElement":[{"@type":"ListItem","position":1,"name":"Home","item":"https:\/\/sprintcx.net\/de\/"},{"@type":"ListItem","position":2,"name":"Haftungsausschluss"}]},{"@type":"WebSite","@id":"https:\/\/sprintcx.net\/de\/#website","url":"https:\/\/sprintcx.net\/de\/","name":"SprintCX","description":"","publisher":{"@id":"https:\/\/sprintcx.net\/de\/#organization"},"potentialAction":[{"@type":"SearchAction","target":{"@type":"EntryPoint","urlTemplate":"https:\/\/sprintcx.net\/de\/?s={search_term_string}"},"query-input":{"@type":"PropertyValueSpecification","valueRequired":true,"valueName":"search_term_string"}}],"inLanguage":"de"},{"@type":"Organization","@id":"https:\/\/sprintcx.net\/de\/#organization","name":"SprintCX","url":"https:\/\/sprintcx.net\/de\/","logo":{"@type":"ImageObject","inLanguage":"de","@id":"https:\/\/sprintcx.net\/de\/#\/schema\/logo\/image\/","url":"https:\/\/sprintcx.net\/wp-content\/uploads\/2025\/05\/cropped-ChatGPT-Image-6.-Mai-2025-09_53_42.png","contentUrl":"https:\/\/sprintcx.net\/wp-content\/uploads\/2025\/05\/cropped-ChatGPT-Image-6.-Mai-2025-09_53_42.png","width":846,"height":828,"caption":"SprintCX"},"image":{"@id":"https:\/\/sprintcx.net\/de\/#\/schema\/logo\/image\/"},"sameAs":["https:\/\/www.linkedin.com\/in\/gregor-sprint\/"]}]}},"_links":{"self":[{"href":"https:\/\/sprintcx.net\/de\/wp-json\/wp\/v2\/pages\/1324","targetHints":{"allow":["GET"]}}],"collection":[{"href":"https:\/\/sprintcx.net\/de\/wp-json\/wp\/v2\/pages"}],"about":[{"href":"https:\/\/sprintcx.net\/de\/wp-json\/wp\/v2\/types\/page"}],"author":[{"embeddable":true,"href":"https:\/\/sprintcx.net\/de\/wp-json\/wp\/v2\/users\/1"}],"replies":[{"embeddable":true,"href":"https:\/\/sprintcx.net\/de\/wp-json\/wp\/v2\/comments?post=1324"}],"version-history":[{"count":2,"href":"https:\/\/sprintcx.net\/de\/wp-json\/wp\/v2\/pages\/1324\/revisions"}],"predecessor-version":[{"id":1330,"href":"https:\/\/sprintcx.net\/de\/wp-json\/wp\/v2\/pages\/1324\/revisions\/1330"}],"wp:attachment":[{"href":"https:\/\/sprintcx.net\/de\/wp-json\/wp\/v2\/media?parent=1324"}],"curies":[{"name":"wp","href":"https:\/\/api.w.org\/{rel}","templated":true}]}}